{"id":276,"date":"2017-03-24T13:50:16","date_gmt":"2017-03-24T12:50:16","guid":{"rendered":"http:\/\/www.edsm.be\/?page_id=276"},"modified":"2019-10-02T12:16:59","modified_gmt":"2019-10-02T10:16:59","slug":"nos-doctorants","status":"publish","type":"page","link":"https:\/\/www.edsm.be\/?page_id=276","title":{"rendered":"Nos Doctorants de l&rsquo;UCL"},"content":{"rendered":"<h1><a href=\"https:\/\/www.edsm.be\/nos-doctorants\/doctorants\/\" rel=\"attachment wp-att-277\"><img loading=\"lazy\" decoding=\"async\" class=\"alignnone size-thumbnail wp-image-277\" src=\"https:\/\/www.edsm.be\/wp-content\/uploads\/2017\/03\/doctorants-150x150.jpg\" alt=\"\" width=\"150\" height=\"150\" srcset=\"https:\/\/www.edsm.be\/wp-content\/uploads\/2017\/03\/doctorants-150x150.jpg 150w, https:\/\/www.edsm.be\/wp-content\/uploads\/2017\/03\/doctorants-350x350.jpg 350w\" sizes=\"auto, (max-width: 150px) 100vw, 150px\" \/><\/a><\/h1>\n<table style=\"height: 3999px;\" width=\"619\">\n<tbody>\n<tr>\n<td><\/td>\n<td style=\"padding-left: 30px;\">\n<h2 style=\"text-align: left;\">NOM<\/h2>\n<\/td>\n<td style=\"padding-left: 30px; text-align: left;\">\n<h2>TITRE THESE<\/h2>\n<\/td>\n<td style=\"padding-left: 30px;\">\n<h2 style=\"text-align: left;\">PROMOTEURS<\/h2>\n<\/td>\n<\/tr>\n<tr style=\"padding-left: 30px;\">\n<td style=\"padding-left: 30px;\" rowspan=\"11\" width=\"215\">Institut de Recherche<br \/>\nExp\u00e9rimentale et Clinique \/<\/p>\n<ul>\n<li>CARS<\/li>\n<li>PNEU<\/li>\n<li>NMSK<\/li>\n<\/ul>\n<\/td>\n<td style=\"padding-left: 30px; text-align: left;\">Anne-Sophie AUBRIOT<\/td>\n<td style=\"padding-left: 30px;\" width=\"495\">Optimalisation du traitement par aerosolth\u00e9rapie chez le patient atteint<br \/>\nde mucoviscidose<\/td>\n<td style=\"padding-left: 30px;\" width=\"159\">G. Reychler<br \/>\nP. Gianello<\/td>\n<\/tr>\n<tr style=\"padding-left: 30px;\">\n<td style=\"padding-left: 30px;\">Nicolas AUDAG<\/td>\n<td style=\"padding-left: 30px;\">Dysphagia in children with neuromuscular disease : focus on SMA2<\/td>\n<td style=\"padding-left: 30px;\" width=\"159\">P. Gianello<br \/>\nM. Toussaint<br \/>\nG. Reychler<\/td>\n<\/tr>\n<tr style=\"padding-left: 30px;\">\n<td style=\"padding-left: 30px;\">Emilie BIALAIS<\/td>\n<td style=\"padding-left: 30px;\" width=\"495\">Safety and efficacy of a closed loop of oxygenation and ventilation versus non-automated oxygenation and ventilation : a comparative randomized trial<\/td>\n<td style=\"padding-left: 30px;\" width=\"159\">Ph. Hantson<br \/>\nX. Wittebole<\/td>\n<\/tr>\n<tr style=\"padding-left: 30px;\">\n<td style=\"padding-left: 30px; text-align: left;\">Thimoth\u00e9e CAYROL<\/td>\n<td style=\"padding-left: 30px;\" width=\"495\">Etude des M\u00e9canismes de Douleurs Centrales chez les patients atteints de troubles de l\u2019articulation temporo-mandibulaire<\/td>\n<td style=\"padding-left: 30px;\" width=\"159\">L. Pitance<br \/>\nN. Roussel (UAntwerpen)<\/td>\n<\/tr>\n<tr style=\"padding-left: 30px;\">\n<td style=\"padding-left: 30px;\">\u00a0Yann COMBRET<\/td>\n<td style=\"padding-left: 30px;\" width=\"495\">Etude des capacit\u00e9s cardio-respiratoires et fonctionnelles, \u00e0 l&rsquo;effort des enfants et adolescents atteints de la mucoviscidose<\/td>\n<td style=\"padding-left: 30px;\" width=\"159\">G. Reychler<\/td>\n<\/tr>\n<tr style=\"padding-left: 30px;\">\n<td style=\"padding-left: 30px;\">\u00a0Clara SELVES<\/td>\n<td style=\"padding-left: 30px;\" width=\"495\">\u00a0Evaluation de l&rsquo;effet d&rsquo;injections r\u00e9p\u00e9t\u00e9es de hautes doses de toxine botulique dans le membre inf\u00e9rieur chez des sujets h\u00e9mipl\u00e9giques spastiques sur les param\u00e8tres fonctionnels et biom\u00e9caniques de marche<\/td>\n<td style=\"padding-left: 30px;\">Th. Lejeune<br \/>\nG. Stoquart<\/td>\n<\/tr>\n<tr style=\"padding-left: 30px;\">\n<td style=\"padding-left: 30px;\">Maxime VALET<\/td>\n<td style=\"padding-left: 30px;\" width=\"495\">Programme d&rsquo;autor\u00e9\u00e9ducation bas\u00e9 sur les exercices physiques chez les patients atteints de scl\u00e9rose en plaques au stade initial de la maladie<\/td>\n<td style=\"padding-left: 30px;\" width=\"159\">Th. Lejeune<br \/>\nG. Stoquart<\/td>\n<\/tr>\n<tr style=\"padding-left: 30px;\">\n<td style=\"padding-left: 30px;\">Franck\u00a0 ASSOGBA Tod\u00e8gnon<\/td>\n<td style=\"padding-left: 30px;\" width=\"495\">\u00a0Effect of manual therapy on pain, gait and quality of life in hip ostearthritis patients. A prospective study in Belgian and Benines patients<\/td>\n<td style=\"padding-left: 30px;\" width=\"159\">P. Mahaudens<br \/>\nC. Detrembleur<\/td>\n<\/tr>\n<tr style=\"padding-left: 30px;\">\n<td style=\"padding-left: 30px;\">Renaud HAGE<\/td>\n<td style=\"padding-left: 30px;\" width=\"495\">Mise en \u00e9vidence des strat\u00e9gies du mouvement de rotation cervicale chez les patients cervicalgiques par l&rsquo;analyse des strat\u00e9gies musculaires cervicales, de la cin\u00e9matique du mouvement de la t\u00eate et des modifications de l&rsquo;\u00e9quilibre postural<\/td>\n<td style=\"padding-left: 30px;\" width=\"159\">C. Detrembleur<br \/>\nL. Pitance<\/td>\n<\/tr>\n<tr style=\"padding-left: 30px;\">\n<td style=\"padding-left: 30px;\">Fr\u00e9d\u00e9ric DUPREZ<\/td>\n<td style=\"padding-left: 30px;\" width=\"495\">D\u00e9livrance de l&rsquo;oxyg\u00e8ne aux patients hypox\u00e9miques : alternatives pour l&rsquo;am\u00e9lioration des techniques d&rsquo;oxyg\u00e9nation<\/td>\n<td style=\"padding-left: 30px;\" width=\"159\">P. Gianello<br \/>\nG. Reychler<\/td>\n<\/tr>\n<tr style=\"padding-left: 30px;\">\n<td style=\"padding-left: 30px;\">Julien LEBLEU<\/td>\n<td style=\"padding-left: 30px;\" width=\"495\">Mesures quantitatives et objectives de la cin\u00e9matique du genou du patient gonalgique en situation de terrain<\/td>\n<td style=\"padding-left: 30px;\" width=\"159\">C. Detrembleur<br \/>\nP. Mahaudens<\/td>\n<\/tr>\n<tr style=\"padding-left: 30px;\">\n<td style=\"padding-left: 30px;\" rowspan=\"4\" width=\"215\"><\/td>\n<td style=\"padding-left: 30px;\">Juliana RIBEIRO FONSECA FRANCO<\/td>\n<td style=\"padding-left: 30px;\" width=\"495\">\u00a0Non-pharmacological management of patients with chronic respiratory disease<\/td>\n<td style=\"padding-left: 30px;\">G. Reychler<\/td>\n<\/tr>\n<tr style=\"padding-left: 30px;\">\n<td style=\"padding-left: 30px;\">\u00a0Louise DECLERCK<\/td>\n<td style=\"padding-left: 30px;\" width=\"495\">Effet de l&rsquo;handisport sur diverses pathologies neurologiques<\/td>\n<td style=\"padding-left: 30px;\" width=\"159\">&nbsp;<\/p>\n<p>G. Stoquart<br \/>\nJ-Fr. Kaux (CHU Li\u00e8ge)<\/td>\n<\/tr>\n<tr style=\"padding-left: 30px;\">\n<td style=\"padding-left: 30px;\">AnhPhong NGUYEN<\/td>\n<td style=\"padding-left: 30px;\" width=\"495\">\u00a0New clinical protocol to quantify musculoskeletal stiffness of the lower limb in runners<\/td>\n<td style=\"padding-left: 30px;\" width=\"159\">P. Mahaudens<br \/>\nC. Detrembleur<\/td>\n<\/tr>\n<tr style=\"padding-left: 30px;\">\n<td style=\"padding-left: 30px;\"><\/td>\n<td style=\"padding-left: 30px;\" width=\"495\"><\/td>\n<td style=\"padding-left: 30px;\"><\/td>\n<\/tr>\n<tr style=\"padding-left: 30px;\">\n<td style=\"padding-left: 30px;\" width=\"215\">Physiologie de l&rsquo;Exercice<\/td>\n<td style=\"padding-left: 30px;\">Estelle DE GROOTE<\/td>\n<td style=\"padding-left: 30px;\" width=\"495\">Effet d&rsquo;un entra\u00eenement en hypoxie sur le m\u00e9tabolisme du glucose et les adaptations mol\u00e9culaires dans le muscle squelettique de patients souffrant de diab\u00e8te de type 2<\/td>\n<td style=\"padding-left: 30px;\" width=\"159\">L. Deldicque<br \/>\nErik Richter (Univ. Copenhagen)<\/td>\n<\/tr>\n<tr style=\"padding-left: 30px;\">\n<td style=\"padding-left: 30px;\" rowspan=\"12\" width=\"215\">Institute of Neurosciences (IoNS)<\/p>\n<ul>\n<li>P\u00f4le Cellulaire &amp; mol\u00e9culaire<\/li>\n<li>DUVE<\/li>\n<li>CEMO<\/li>\n<li>COSY<\/li>\n<li>Labo de biochimie de l&rsquo;excercice (IONS) et labo de g\u00e9n\u00e9tique et \u00e9pig\u00e9n\u00e9tique (DDUV)<\/li>\n<li>Motor skill learning &amp; intensive neurorehabilitation lab<\/li>\n<\/ul>\n<\/td>\n<td style=\"padding-left: 30px;\">Estelle BALAN<\/td>\n<td style=\"padding-left: 30px;\">\u00a0Impact of physical activity on telomere length and integrity with aging<\/td>\n<td style=\"padding-left: 30px;\" width=\"159\">L. Deldicque<br \/>\nA. Decottignies<\/td>\n<\/tr>\n<tr style=\"padding-left: 30px;\">\n<td style=\"padding-left: 30px;\" width=\"159\">Daniela<br \/>\nEBNER KARESTINOS<\/td>\n<td style=\"padding-left: 30px;\">Etude de la coordination inter-segmentaire chez l&rsquo;enfant IMC<\/td>\n<td style=\"padding-left: 30px;\" width=\"159\">J.L. Thonnard<br \/>\nY. Bleyenheuft<\/td>\n<\/tr>\n<tr style=\"padding-left: 30px;\">\n<td style=\"padding-left: 30px;\" width=\"159\">Olouyomi Karol GNIMASSOU<\/td>\n<td style=\"padding-left: 30px;\" width=\"495\">Hypoxia- and excercise-mediated effects on the muscle mass via endogenous local progenitors and the Hippo signaling pathway<\/td>\n<td style=\"padding-left: 30px;\" width=\"159\">L. Deldicque<br \/>\nM. Francaux<\/td>\n<\/tr>\n<tr style=\"padding-left: 30px;\">\n<td style=\"padding-left: 30px;\">Cl\u00e9ment GAMBELLI<\/td>\n<td style=\"padding-left: 30px;\">The effect of gravity on the motor control of landing<\/td>\n<td style=\"padding-left: 30px;\" width=\"159\">B. Schepens<br \/>\nP. Willems<\/td>\n<\/tr>\n<tr style=\"padding-left: 30px;\">\n<td style=\"padding-left: 30px;\">Geoffroy SAUSSEZ<\/td>\n<td style=\"padding-left: 30px;\">Implementation of a new interactive interface to generate functional, motor and neuroplastic changes in children with cerebral palsy<\/td>\n<td style=\"padding-left: 30px;\" width=\"159\">Y. Bleyenheuft<br \/>\nPh. Lefevre<\/td>\n<\/tr>\n<tr style=\"padding-left: 30px;\">\n<td style=\"padding-left: 30px;\">Emmanuel SOGBOSSI SEGNON<\/td>\n<td style=\"padding-left: 30px;\" width=\"495\">Is hand-arm bimanual intensive therapy including lower extremity (HABIT-ILE), feasible and effective in the socio-cultural context of West-Africa (Benin) ?<\/td>\n<td style=\"padding-left: 30px;\" width=\"159\">Y. Bleyenheuft<br \/>\nT.G. Kpadonou (CNHU Cotonou)<\/td>\n<\/tr>\n<tr style=\"padding-left: 30px;\">\n<td style=\"padding-left: 30px;\">Guillaume MEURISSE<\/td>\n<td style=\"padding-left: 30px;\">The double contact phase of walking<\/td>\n<td style=\"padding-left: 30px;\" width=\"159\">B. Schepens<br \/>\nG. Bastien<\/td>\n<\/tr>\n<tr style=\"padding-left: 30px;\">\n<td style=\"padding-left: 30px;\" width=\"159\">Jean-Bernard<br \/>\nMICHOTTE<\/td>\n<td style=\"padding-left: 30px;\" width=\"495\">Aerosol delivery during noninvasive ventilation\u00a0: evaluation of inspiratory synchronized nebulization coupled with a single-limb circuit bilevel ventilator<\/td>\n<td style=\"padding-left: 30px;\" width=\"159\">G. Reychler<\/td>\n<\/tr>\n<tr style=\"padding-left: 30px;\">\n<td style=\"padding-left: 30px;\" width=\"159\">Geoffrey WARNIER<\/td>\n<td style=\"padding-left: 30px;\">Effect of intermittent hypoxia endurance training on mitochondrial regulation and extracellular vesicles biology<\/td>\n<td style=\"padding-left: 30px;\" width=\"159\">M. Francaux<\/td>\n<\/tr>\n<tr style=\"padding-left: 30px;\">\n<td style=\"padding-left: 30px;\">Ildephonse NDUWIMANA<\/td>\n<td style=\"padding-left: 30px;\" width=\"495\">Traitement de la lombagie non sp\u00e9cifique chronique par l&rsquo;activit\u00e9 physique au Burundi<\/td>\n<td style=\"padding-left: 30px;\" width=\"159\">Y. Bleyenheuft<br \/>\nJ.L. Thonnard<\/td>\n<\/tr>\n<tr style=\"padding-left: 30px;\">\n<td style=\"padding-left: 30px;\" width=\"159\">F\u00e9lix NINDORERA<\/td>\n<td style=\"padding-left: 30px;\" width=\"495\">Activit\u00e9 physique chez les victimes d&rsquo;Accident Vasculaire C\u00e9r\u00e9bral en phase chronique au Burundi<\/td>\n<td style=\"padding-left: 30px;\" width=\"159\">Y. Bleyenheuft<br \/>\nJ.L. Thonnard<\/td>\n<\/tr>\n<tr style=\"padding-left: 30px;\">\n<td style=\"padding-left: 30px;\" width=\"159\">Yollande DJIVOH<\/p>\n<p>&nbsp;<\/p>\n<p>Alexandre KABORE Pegdwend\u00e9<\/td>\n<td style=\"padding-left: 30px;\">Le Crunch et la gymnastique hypopressive : effets imm\u00e9diats et de l&rsquo;entra\u00eenement sur la sangle abdominale et le p\u00e9rin\u00e9e en post-partum<\/p>\n<p>Sant\u00e9, mal de dos et travail : risques et pr\u00e9vention (Burkina Faso)<\/td>\n<td style=\"padding-left: 30px;\">Dominique De JaegerB. Schepens<\/td>\n<\/tr>\n<tr style=\"padding-left: 30px;\">\n<td style=\"padding-left: 30px;\" width=\"215\">\u00a0GHRV &amp; GRKR \/ IREC UCL<\/td>\n<td style=\"padding-left: 30px;\" width=\"159\">\u00a0Guillaume PRIEUR<\/td>\n<td style=\"padding-left: 30px;\" width=\"495\">Etude des moyens m\u00e9caniques et non m\u00e9caniques sur la dyspn\u00e9e et la tol\u00e9rance \u00e0 l&rsquo;effort des patients atteints de Broncho-Pneumopathie Chronique Obstructive<\/td>\n<td style=\"padding-left: 30px;\" width=\"159\">G. Reychler<br \/>\nL. Bouchra (CHU Rouen)<\/td>\n<\/tr>\n<tr style=\"padding-left: 30px;\">\n<td style=\"padding-left: 30px;\" width=\"215\">GIRSEF-EDPM<\/td>\n<td style=\"padding-left: 30px;\">Pierre VAN LUCHENE<\/td>\n<td style=\"padding-left: 30px;\">Compr\u00e9hension de l&rsquo;engagement dans la pratique d&rsquo;APS \u00e0 diff\u00e9rents moments de la vie<\/td>\n<td style=\"padding-left: 30px;\" width=\"159\">C. Delens<\/td>\n<\/tr>\n<tr style=\"padding-left: 30px;\">\n<td style=\"padding-left: 30px;\" rowspan=\"3\" width=\"215\">Louvain Schools of Management<br \/>\nResearch InstituteLouvain\u00a0Research Institute in Management and Organizations\u00a0(LouRIM)<\/td>\n<td style=\"padding-left: 30px;\">Arthur LEFEBVRE<\/td>\n<td style=\"padding-left: 30px;\" width=\"495\">The influence of interorganizational relationships on the organizational performance : a comparative analysis of Belgian sport Federations<\/td>\n<td style=\"padding-left: 30px;\" rowspan=\"3\">Th. Zintz<br \/>\nBeno\u00eet Rihoux (SSH)Th. Zintz<\/td>\n<\/tr>\n<tr style=\"padding-left: 30px;\">\n<td style=\"padding-left: 30px;\">C\u00e9cile BLONDIAU<\/td>\n<td style=\"padding-left: 30px;\" width=\"495\">From corporate social responsibility to sport social responsibility in the organization of mega-events by international sporting institutions<\/td>\n<\/tr>\n<tr style=\"padding-left: 30px;\">\n<td style=\"padding-left: 30px;\"><\/td>\n<td style=\"padding-left: 30px;\"><\/td>\n<\/tr>\n<tr style=\"padding-left: 30px;\">\n<td style=\"padding-left: 30px;\" width=\"215\"><\/td>\n<td style=\"padding-left: 30px;\" width=\"159\"><\/td>\n<td style=\"padding-left: 30px;\"><\/td>\n<td style=\"padding-left: 30px;\" width=\"159\"><\/td>\n<\/tr>\n<\/tbody>\n<\/table>\n<h4 style=\"padding-left: 30px;\"><\/h4>\n","protected":false},"excerpt":{"rendered":"<p>NOM TITRE THESE PROMOTEURS Institut de Recherche Exp\u00e9rimentale et Clinique \/ CARS PNEU NMSK Anne-Sophie AUBRIOT Optimalisation du traitement par aerosolth\u00e9rapie chez le patient atteint de mucoviscidose G. Reychler P. Gianello Nicolas AUDAG Dysphagia in children with neuromuscular disease : focus on SMA2 P. Gianello M. Toussaint G. Reychler Emilie BIALAIS Safety and efficacy of &hellip; <\/p>\n<p><a class=\"more-link btn\" href=\"https:\/\/www.edsm.be\/?page_id=276\">Lire la suite<\/a><\/p>\n","protected":false},"author":1,"featured_media":0,"parent":0,"menu_order":0,"comment_status":"closed","ping_status":"closed","template":"","meta":{"footnotes":""},"class_list":["post-276","page","type-page","status-publish","hentry","nodate","item-wrap"],"_links":{"self":[{"href":"https:\/\/www.edsm.be\/index.php?rest_route=\/wp\/v2\/pages\/276","targetHints":{"allow":["GET"]}}],"collection":[{"href":"https:\/\/www.edsm.be\/index.php?rest_route=\/wp\/v2\/pages"}],"about":[{"href":"https:\/\/www.edsm.be\/index.php?rest_route=\/wp\/v2\/types\/page"}],"author":[{"embeddable":true,"href":"https:\/\/www.edsm.be\/index.php?rest_route=\/wp\/v2\/users\/1"}],"replies":[{"embeddable":true,"href":"https:\/\/www.edsm.be\/index.php?rest_route=%2Fwp%2Fv2%2Fcomments&post=276"}],"version-history":[{"count":20,"href":"https:\/\/www.edsm.be\/index.php?rest_route=\/wp\/v2\/pages\/276\/revisions"}],"predecessor-version":[{"id":928,"href":"https:\/\/www.edsm.be\/index.php?rest_route=\/wp\/v2\/pages\/276\/revisions\/928"}],"wp:attachment":[{"href":"https:\/\/www.edsm.be\/index.php?rest_route=%2Fwp%2Fv2%2Fmedia&parent=276"}],"curies":[{"name":"wp","href":"https:\/\/api.w.org\/{rel}","templated":true}]}}