{"id":7,"date":"2017-02-23T10:20:55","date_gmt":"2017-02-23T09:20:55","guid":{"rendered":"http:\/\/www.edsm.be\/?page_id=7"},"modified":"2026-02-12T10:26:54","modified_gmt":"2026-02-12T09:26:54","slug":"accueil","status":"publish","type":"page","link":"https:\/\/www.edsm.be\/?page_id=7","title":{"rendered":"G\u00e9n\u00e9ration de Talents"},"content":{"rendered":"<h1 style=\"padding-left: 60px;\"><span style=\"color: #003366;\">L&rsquo;EDSM<\/span><\/h1>\n<p style=\"padding-left: 60px;\"><span style=\"color: #003366;\">L&rsquo;Ecole Doctorale en Sciences de la Motricit\u00e9 (EDSM) a pour objectif principal de promouvoir, \u00e0\u00a0une \u00e9chelle inter-universitaire, une formation doctorale r\u00e9pondant \u00e0\u00a0la double exigence de sp\u00e9cialisation \u00e0 la recherche et d&rsquo;ouverture pluridisciplinaire.<\/span><\/p>\n<h2 style=\"padding-left: 60px;\"><span style=\"color: #003366;\">Nos Universit\u00e9s et leurs Membres<\/span><\/h2>\n<p>&nbsp;<\/p>\n<p style=\"padding-left: 60px;\"><a href=\"https:\/\/www.edsm.be\/wp-content\/uploads\/2017\/02\/membresULg.pdf\"><img loading=\"lazy\" decoding=\"async\" class=\"alignleft wp-image-143 \" src=\"https:\/\/www.edsm.be\/wp-content\/uploads\/2017\/02\/ulg-1-300x219.gif\" width=\"267\" height=\"194\" \/><\/a> <a href=\"https:\/\/www.edsm.be\/wp-content\/uploads\/2017\/02\/membresULB.pdf\"><img loading=\"lazy\" decoding=\"async\" class=\"wp-image-142 alignleft\" src=\"https:\/\/www.edsm.be\/wp-content\/uploads\/2017\/02\/ulb.jpg\" width=\"181\" height=\"178\" \/><\/a> <a href=\"https:\/\/www.edsm.be\/wp-content\/uploads\/2017\/02\/membresUCL.pdf\"><img loading=\"lazy\" decoding=\"async\" class=\"alignnone wp-image-141 size-full\" src=\"https:\/\/www.edsm.be\/wp-content\/uploads\/2017\/02\/ucl-1.jpg\" width=\"181\" height=\"217\" \/><\/a><\/p>\n<p>&nbsp;<\/p>\n<p>&nbsp;<\/p>\n\n\n<p style=\"padding-left: 60px;\"><a href=\"https:\/\/www.linkedin.com\/company\/edsm-fnrs\/?viewAsMember=true\">Lien LindedIn EDSM<\/a><\/p>\n\n\n\n<p><br><a href=\"https:\/\/www.edsm.be\/wp-content\/uploads\/2017\/02\/membresULg.pdf\"><\/a><\/p>\n\n\n\n<p><\/p>\n","protected":false},"excerpt":{"rendered":"<p>L&rsquo;EDSM L&rsquo;Ecole Doctorale en Sciences de la Motricit\u00e9 (EDSM) a pour objectif principal de promouvoir, \u00e0\u00a0une \u00e9chelle inter-universitaire, une formation doctorale r\u00e9pondant \u00e0\u00a0la double exigence de sp\u00e9cialisation \u00e0 la recherche et d&rsquo;ouverture pluridisciplinaire. Nos Universit\u00e9s et leurs Membres &nbsp; &nbsp; &nbsp; Lien LindedIn EDSM<\/p>\n","protected":false},"author":1,"featured_media":0,"parent":0,"menu_order":0,"comment_status":"closed","ping_status":"closed","template":"","meta":{"footnotes":""},"class_list":["post-7","page","type-page","status-publish","hentry","nodate","item-wrap"],"_links":{"self":[{"href":"https:\/\/www.edsm.be\/index.php?rest_route=\/wp\/v2\/pages\/7","targetHints":{"allow":["GET"]}}],"collection":[{"href":"https:\/\/www.edsm.be\/index.php?rest_route=\/wp\/v2\/pages"}],"about":[{"href":"https:\/\/www.edsm.be\/index.php?rest_route=\/wp\/v2\/types\/page"}],"author":[{"embeddable":true,"href":"https:\/\/www.edsm.be\/index.php?rest_route=\/wp\/v2\/users\/1"}],"replies":[{"embeddable":true,"href":"https:\/\/www.edsm.be\/index.php?rest_route=%2Fwp%2Fv2%2Fcomments&post=7"}],"version-history":[{"count":41,"href":"https:\/\/www.edsm.be\/index.php?rest_route=\/wp\/v2\/pages\/7\/revisions"}],"predecessor-version":[{"id":1408,"href":"https:\/\/www.edsm.be\/index.php?rest_route=\/wp\/v2\/pages\/7\/revisions\/1408"}],"wp:attachment":[{"href":"https:\/\/www.edsm.be\/index.php?rest_route=%2Fwp%2Fv2%2Fmedia&parent=7"}],"curies":[{"name":"wp","href":"https:\/\/api.w.org\/{rel}","templated":true}]}}