{"id":801,"date":"2018-05-16T11:14:40","date_gmt":"2018-05-16T09:14:40","guid":{"rendered":"http:\/\/www.edsm.be\/?page_id=801"},"modified":"2018-05-16T11:14:40","modified_gmt":"2018-05-16T09:14:40","slug":"defense-publique-dune-these-de-doctorat-en-sciences-de-la-motricite-le-mercredi-30-mai-2018-a-lulb","status":"publish","type":"page","link":"https:\/\/www.edsm.be\/?page_id=801","title":{"rendered":"D\u00e9fense publique d&rsquo;une th\u00e8se de doctorat en\u00a0Sciences de la Motricit\u00e9,\u00a0 le mercredi 30 mai 2018 \u00e0 l&rsquo;ULB"},"content":{"rendered":"<p><span style=\"color: #003366;\">Le mercredi 30 mai, Daniel NEU d\u00e9fendra publiquement sa th\u00e8se de doctorat.\u00a0 <\/span><\/p>\n<p><span style=\"color: #003366;\">Le th\u00e8me traite sur la <em><strong>Contribution clinique \u00e0 l\u2019\u00e9tude du sommeil lent profond dans la fatigue chronique<\/strong><\/em>. Cette d\u00e9fense publique aura lieu \u00e0 18h30 dans l&rsquo;Amphith\u00e9\u00e2tre \u00ab\u00a0O\u00a0\u00bb \u00e0 la Facult\u00e9 des Sciences de la Motricit\u00e9 sur le campus Erasme.<\/span><\/p>\n<p><span style=\"color: #003366;\">Vous \u00eates toutes et tous cordialement attendus.<\/span><\/p>\n<p>&nbsp;<\/p>\n","protected":false},"excerpt":{"rendered":"<p>Le mercredi 30 mai, Daniel NEU d\u00e9fendra publiquement sa th\u00e8se de doctorat.\u00a0 Le th\u00e8me traite sur la Contribution clinique \u00e0 l\u2019\u00e9tude du sommeil lent profond dans la fatigue chronique. Cette d\u00e9fense publique aura lieu \u00e0 18h30 dans l&rsquo;Amphith\u00e9\u00e2tre \u00ab\u00a0O\u00a0\u00bb \u00e0 la Facult\u00e9 des Sciences de la Motricit\u00e9 sur le campus Erasme. Vous \u00eates toutes et &hellip; <\/p>\n<p><a class=\"more-link btn\" href=\"https:\/\/www.edsm.be\/?page_id=801\">Lire la suite<\/a><\/p>\n","protected":false},"author":1,"featured_media":0,"parent":0,"menu_order":0,"comment_status":"closed","ping_status":"closed","template":"","meta":{"footnotes":""},"class_list":["post-801","page","type-page","status-publish","hentry","nodate","item-wrap"],"_links":{"self":[{"href":"https:\/\/www.edsm.be\/index.php?rest_route=\/wp\/v2\/pages\/801","targetHints":{"allow":["GET"]}}],"collection":[{"href":"https:\/\/www.edsm.be\/index.php?rest_route=\/wp\/v2\/pages"}],"about":[{"href":"https:\/\/www.edsm.be\/index.php?rest_route=\/wp\/v2\/types\/page"}],"author":[{"embeddable":true,"href":"https:\/\/www.edsm.be\/index.php?rest_route=\/wp\/v2\/users\/1"}],"replies":[{"embeddable":true,"href":"https:\/\/www.edsm.be\/index.php?rest_route=%2Fwp%2Fv2%2Fcomments&post=801"}],"version-history":[{"count":1,"href":"https:\/\/www.edsm.be\/index.php?rest_route=\/wp\/v2\/pages\/801\/revisions"}],"predecessor-version":[{"id":802,"href":"https:\/\/www.edsm.be\/index.php?rest_route=\/wp\/v2\/pages\/801\/revisions\/802"}],"wp:attachment":[{"href":"https:\/\/www.edsm.be\/index.php?rest_route=%2Fwp%2Fv2%2Fmedia&parent=801"}],"curies":[{"name":"wp","href":"https:\/\/api.w.org\/{rel}","templated":true}]}}